{"id":1560,"date":"2026-04-08T13:17:36","date_gmt":"2026-04-08T13:17:36","guid":{"rendered":"https:\/\/adrenalinee.es\/?page_id=1560"},"modified":"2026-04-08T13:30:57","modified_gmt":"2026-04-08T13:30:57","slug":"taller-de-jumpstyle","status":"publish","type":"page","link":"https:\/\/adrenalinee.es\/en\/taller-de-jumpstyle\/","title":{"rendered":"Taller de Jumpstyle"},"content":{"rendered":"<div data-elementor-type=\"wp-page\" data-elementor-id=\"1560\" class=\"elementor elementor-1560\">\n\t\t\t\t\t\t<section class=\"elementor-section elementor-top-section elementor-element elementor-element-7051cf6 elementor-section-height-min-height elementor-section-boxed elementor-section-height-default elementor-section-items-middle\" data-id=\"7051cf6\" data-element_type=\"section\" data-e-type=\"section\" data-settings=\"{&quot;background_background&quot;:&quot;classic&quot;}\">\n\t\t\t\t\t\t\t<div class=\"elementor-background-overlay\"><\/div>\n\t\t\t\t\t\t\t<div class=\"elementor-container elementor-column-gap-default\">\n\t\t\t\t\t<div class=\"elementor-column elementor-col-100 elementor-top-column elementor-element elementor-element-6912bd0\" data-id=\"6912bd0\" data-element_type=\"column\" data-e-type=\"column\">\n\t\t\t<div class=\"elementor-widget-wrap elementor-element-populated\">\n\t\t\t\t\t\t<div class=\"elementor-element elementor-element-60a3eef elementor-icon-list--layout-inline elementor-align-center animated-slow elementor-hidden-desktop elementor-hidden-tablet elementor-hidden-mobile elementor-list-item-link-full_width elementor-invisible elementor-widget elementor-widget-icon-list\" data-id=\"60a3eef\" data-element_type=\"widget\" data-e-type=\"widget\" data-settings=\"{&quot;_animation&quot;:&quot;fadeIn&quot;}\" data-widget_type=\"icon-list.default\">\n\t\t\t\t<div class=\"elementor-widget-container\">\n\t\t\t\t\t\t\t<ul class=\"elementor-icon-list-items elementor-inline-items\">\n\t\t\t\t\t\t\t<li class=\"elementor-icon-list-item elementor-inline-item\">\n\t\t\t\t\t\t\t\t\t\t\t<a href=\"#\">\n\n\t\t\t\t\t\t\t\t\t\t\t<span class=\"elementor-icon-list-text\">Home<\/span>\n\t\t\t\t\t\t\t\t\t\t\t<\/a>\n\t\t\t\t\t\t\t\t\t<\/li>\n\t\t\t\t\t\t\t\t<li class=\"elementor-icon-list-item elementor-inline-item\">\n\t\t\t\t\t\t\t\t\t\t\t<a href=\"#\">\n\n\t\t\t\t\t\t\t\t\t\t\t\t<span class=\"elementor-icon-list-icon\">\n\t\t\t\t\t\t\t<svg aria-hidden=\"true\" class=\"e-font-icon-svg e-fas-angle-right\" viewbox=\"0 0 256 512\" xmlns=\"http:\/\/www.w3.org\/2000\/svg\"><path d=\"M224.3 273l-136 136c-9.4 9.4-24.6 9.4-33.9 0l-22.6-22.6c-9.4-9.4-9.4-24.6 0-33.9l96.4-96.4-96.4-96.4c-9.4-9.4-9.4-24.6 0-33.9L54.3 103c9.4-9.4 24.6-9.4 33.9 0l136 136c9.5 9.4 9.5 24.6.1 34z\"><\/path><\/svg>\t\t\t\t\t\t<\/span>\n\t\t\t\t\t\t\t\t\t\t<span class=\"elementor-icon-list-text\">Contact<\/span>\n\t\t\t\t\t\t\t\t\t\t\t<\/a>\n\t\t\t\t\t\t\t\t\t<\/li>\n\t\t\t\t\t\t<\/ul>\n\t\t\t\t\t\t<\/div>\n\t\t\t\t<\/div>\n\t\t\t\t<div class=\"elementor-element elementor-element-fca24de animated-slow elementor-invisible elementor-widget elementor-widget-heading\" data-id=\"fca24de\" data-element_type=\"widget\" data-e-type=\"widget\" data-settings=\"{&quot;_animation&quot;:&quot;fadeInUp&quot;}\" data-widget_type=\"heading.default\">\n\t\t\t\t<div class=\"elementor-widget-container\">\n\t\t\t\t\t<h2 class=\"elementor-heading-title elementor-size-default\">WORKSHOP<\/h2>\t\t\t\t<\/div>\n\t\t\t\t<\/div>\n\t\t\t\t\t<\/div>\n\t\t<\/div>\n\t\t\t\t\t<\/div>\n\t\t<\/section>\n\t\t\t\t<section class=\"elementor-section elementor-top-section elementor-element elementor-element-a304130 elementor-section-boxed elementor-section-height-default elementor-section-height-default\" data-id=\"a304130\" data-element_type=\"section\" data-e-type=\"section\" data-settings=\"{&quot;background_background&quot;:&quot;video&quot;,&quot;background_video_link&quot;:&quot;https:\\\/\\\/youtu.be\\\/xquXn3Kfmw4?si=YBKZBaFenfrlRKTq&quot;,&quot;background_video_start&quot;:3,&quot;background_video_end&quot;:29,&quot;background_play_on_mobile&quot;:&quot;yes&quot;}\">\n\t\t\t\t\t\t\t\t<div class=\"elementor-background-video-container\">\n\t\t\t\t\t\t\t\t\t\t\t\t\t<div class=\"elementor-background-video-embed\" role=\"presentation\"><\/div>\n\t\t\t\t\t\t\t\t\t\t\t\t<\/div>\n\t\t\t\t\t\t\t\t\t<div class=\"elementor-background-overlay\"><\/div>\n\t\t\t\t\t\t\t<div class=\"elementor-container elementor-column-gap-default\">\n\t\t\t\t\t<div class=\"elementor-column elementor-col-100 elementor-top-column elementor-element elementor-element-9f4742e\" data-id=\"9f4742e\" data-element_type=\"column\" data-e-type=\"column\">\n\t\t\t<div class=\"elementor-widget-wrap elementor-element-populated\">\n\t\t\t\t\t\t<section class=\"elementor-section elementor-inner-section elementor-element elementor-element-581b1cc elementor-reverse-mobile elementor-section-boxed elementor-section-height-default elementor-section-height-default\" data-id=\"581b1cc\" data-element_type=\"section\" data-e-type=\"section\">\n\t\t\t\t\t\t<div class=\"elementor-container elementor-column-gap-no\">\n\t\t\t\t\t<div class=\"elementor-column elementor-col-50 elementor-inner-column elementor-element elementor-element-24c541b\" data-id=\"24c541b\" data-element_type=\"column\" data-e-type=\"column\">\n\t\t\t<div class=\"elementor-widget-wrap elementor-element-populated\">\n\t\t\t\t\t\t<div class=\"elementor-element elementor-element-695569f elementor-widget__width-initial elementor-widget-mobile__width-initial elementor-widget elementor-widget-heading\" data-id=\"695569f\" data-element_type=\"widget\" data-e-type=\"widget\" data-widget_type=\"heading.default\">\n\t\t\t\t<div class=\"elementor-widget-container\">\n\t\t\t\t\t<h4 class=\"elementor-heading-title elementor-size-default\">Jumpstyle en Madrid <\/h4>\t\t\t\t<\/div>\n\t\t\t\t<\/div>\n\t\t\t\t<div class=\"elementor-element elementor-element-577d793 elementor-widget elementor-widget-text-editor\" data-id=\"577d793\" data-element_type=\"widget\" data-e-type=\"widget\" data-widget_type=\"text-editor.default\">\n\t\t\t\t<div class=\"elementor-widget-container\">\n\t\t\t\t\t\t\t\t\t<p data-path-to-node=\"3\">El pr\u00f3ximo <b data-path-to-node=\"3\" data-index-in-node=\"11\">S\u00e1bado 18 de Abril<\/b>, prep\u00e1rate para despegar. Te invitamos a un workshop de <b data-path-to-node=\"3\" data-index-in-node=\"86\">Jumpstyle<\/b> exclusivo en Madrid, dise\u00f1ado para quienes buscan dominar el ritmo, mejorar su t\u00e9cnica y sudar la camiseta en un ambiente inmejorable.<\/p><p data-path-to-node=\"4\">No importa si est\u00e1s empezando o si ya tienes experiencia; este es el lugar perfecto para conectar con la comunidad, perfeccionar tus movimientos y vivir la cultura <i data-path-to-node=\"4\" data-index-in-node=\"164\">hard dance<\/i> con la m\u00e1xima intensidad.<\/p><h4 data-path-to-node=\"5\">Informaci\u00f3n del Taller<\/h4><ul data-path-to-node=\"6\"><li><p data-path-to-node=\"6,0,0\"><b data-path-to-node=\"6,0,0\" data-index-in-node=\"0\">Lugar:<\/b> Dancing Boulevard \u2013 Calle Andorra, 65, 28033, Madrid.<\/p><\/li><li><p data-path-to-node=\"6,1,0\"><b data-path-to-node=\"6,1,0\" data-index-in-node=\"0\">Horario:<\/b> 17:00 \u2013 18:30 (90 minutos de puro movimiento).<\/p><\/li><li><p data-path-to-node=\"6,2,0\"><b data-path-to-node=\"6,2,0\" data-index-in-node=\"0\">Reserva:<\/b> \u00a1Plazas limitadas! Asegura tu sitio antes de que se agoten.<\/p><\/li><\/ul><p><span style=\"font-size: 1rem;\">\u00a0<\/span><\/p><h4><b>Experiencia completa<\/b><\/h4><p>En este taller nos enfocaremos en que salgas con una base s\u00f3lida y con ganas de m\u00e1s. La sesi\u00f3n comenzar\u00e1 centr\u00e1ndonos totalmente en el paso b\u00e1sico, con el objetivo de que logres dominarlo y sacarlo con fluidez antes de seguir avanzando. A medida que progrese la clase, iremos a\u00f1adiendo variaciones y elementos m\u00e1s complejos de forma gradual para elevar el nivel. A mitad de la jornada, haremos una pausa necesaria para hidratarse con un refresco incluido, ideal para recuperar fuerzas y compartir sensaciones con el resto del grupo. Para cerrar la experiencia por todo lo alto, juntaremos todo lo aprendido en una mini coreograf\u00eda sencilla donde aplicaremos los pasos en cadena, disfrutando del resultado final con toda la energ\u00eda y el buen ambiente de la clase.<\/p>\t\t\t\t\t\t\t\t<\/div>\n\t\t\t\t<\/div>\n\t\t\t\t<div class=\"elementor-element elementor-element-ffe9650 animated-slow elementor-invisible elementor-widget elementor-widget-eael-creative-button\" data-id=\"ffe9650\" data-element_type=\"widget\" data-e-type=\"widget\" data-settings=\"{&quot;_animation&quot;:&quot;fadeInUp&quot;,&quot;_animation_delay&quot;:1500}\" data-widget_type=\"eael-creative-button.default\">\n\t\t\t\t<div class=\"elementor-widget-container\">\n\t\t\t\t\t        <div class=\"eael-creative-button-wrapper\">\n\n            <a class=\"eael-creative-button eael-creative-button--rayen eael-cb-icon-position-right\" href=\"https:\/\/wa.me\/34663679804?text=Hola%2C%20quiero%20apuntarme%20a%20la%20workshop%20de%20Jumpstyle\" data-text=\"Resevar plaza\">\n            \t    \n                <div class=\"creative-button-inner\">\n\n                    \n                    <span class=\"cretive-button-text\">Resevar plaza<\/span>\n\n                                            <span class=\"eael-creative-button-icon-right\"><svg aria-hidden=\"true\" class=\"e-font-icon-svg e-fas-minus\" viewbox=\"0 0 448 512\" xmlns=\"http:\/\/www.w3.org\/2000\/svg\"><path d=\"M416 208H32c-17.67 0-32 14.33-32 32v32c0 17.67 14.33 32 32 32h384c17.67 0 32-14.33 32-32v-32c0-17.67-14.33-32-32-32z\"><\/path><\/svg><\/span>                                    <\/div>\n\t                        <\/a>\n        <\/div>\n        \t\t\t\t<\/div>\n\t\t\t\t<\/div>\n\t\t\t\t\t<\/div>\n\t\t<\/div>\n\t\t\t\t<div class=\"elementor-column elementor-col-50 elementor-inner-column elementor-element elementor-element-260b115\" data-id=\"260b115\" data-element_type=\"column\" data-e-type=\"column\">\n\t\t\t<div class=\"elementor-widget-wrap elementor-element-populated\">\n\t\t\t\t\t\t<div class=\"elementor-element elementor-element-b31a987 animated-slow elementor-widget__width-initial elementor-invisible elementor-widget elementor-widget-image\" data-id=\"b31a987\" data-element_type=\"widget\" data-e-type=\"widget\" data-settings=\"{&quot;_animation&quot;:&quot;fadeInRight&quot;}\" data-widget_type=\"image.default\">\n\t\t\t\t<div class=\"elementor-widget-container\">\n\t\t\t\t\t\t\t\t\t\t\t\t\t\t\t<img fetchpriority=\"high\" decoding=\"async\" width=\"1707\" height=\"2560\" src=\"https:\/\/adrenalinee.es\/wp-content\/uploads\/2026\/02\/alba-y-frank-2-scaled.png\" class=\"attachment-full size-full wp-image-1507\" alt=\"alba y frank adrenaline\" srcset=\"https:\/\/adrenalinee.es\/wp-content\/uploads\/2026\/02\/alba-y-frank-2-scaled.png 1707w, https:\/\/adrenalinee.es\/wp-content\/uploads\/2026\/02\/alba-y-frank-2-200x300.png 200w, https:\/\/adrenalinee.es\/wp-content\/uploads\/2026\/02\/alba-y-frank-2-683x1024.png 683w, https:\/\/adrenalinee.es\/wp-content\/uploads\/2026\/02\/alba-y-frank-2-768x1152.png 768w, https:\/\/adrenalinee.es\/wp-content\/uploads\/2026\/02\/alba-y-frank-2-1024x1536.png 1024w, https:\/\/adrenalinee.es\/wp-content\/uploads\/2026\/02\/alba-y-frank-2-1365x2048.png 1365w, https:\/\/adrenalinee.es\/wp-content\/uploads\/2026\/02\/alba-y-frank-2-8x12.png 8w, https:\/\/adrenalinee.es\/wp-content\/uploads\/2026\/02\/alba-y-frank-2-600x900.png 600w\" sizes=\"(max-width: 1707px) 100vw, 1707px\" \/>\t\t\t\t\t\t\t\t\t\t\t\t\t\t\t<\/div>\n\t\t\t\t<\/div>\n\t\t\t\t\t<\/div>\n\t\t<\/div>\n\t\t\t\t\t<\/div>\n\t\t<\/section>\n\t\t\t\t<section class=\"elementor-section elementor-inner-section elementor-element elementor-element-f03c085 elementor-section-content-middle elementor-section-boxed elementor-section-height-default elementor-section-height-default\" data-id=\"f03c085\" data-element_type=\"section\" data-e-type=\"section\" data-settings=\"{&quot;background_background&quot;:&quot;classic&quot;}\">\n\t\t\t\t\t\t<div class=\"elementor-container elementor-column-gap-no\">\n\t\t\t\t\t<div class=\"elementor-column elementor-col-100 elementor-inner-column elementor-element elementor-element-f66a13e\" data-id=\"f66a13e\" data-element_type=\"column\" data-e-type=\"column\">\n\t\t\t<div class=\"elementor-widget-wrap elementor-element-populated\">\n\t\t\t\t\t\t<div class=\"elementor-element elementor-element-e67f65c elementor-widget__width-initial elementor-widget-mobile__width-initial elementor-widget elementor-widget-video\" data-id=\"e67f65c\" data-element_type=\"widget\" data-e-type=\"widget\" data-settings=\"{&quot;youtube_url&quot;:&quot;https:\\\/\\\/youtube.com\\\/shorts\\\/TSRvquzQTOA?si=_Sl3PwZmlWOjxR0s&quot;,&quot;video_type&quot;:&quot;youtube&quot;,&quot;controls&quot;:&quot;yes&quot;}\" data-widget_type=\"video.default\">\n\t\t\t\t<div class=\"elementor-widget-container\">\n\t\t\t\t\t\t\t<div class=\"elementor-wrapper elementor-open-inline\">\n\t\t\t<div class=\"elementor-video\"><\/div>\t\t<\/div>\n\t\t\t\t\t\t<\/div>\n\t\t\t\t<\/div>\n\t\t\t\t\t<\/div>\n\t\t<\/div>\n\t\t\t\t\t<\/div>\n\t\t<\/section>\n\t\t\t\t<section class=\"elementor-section elementor-inner-section elementor-element elementor-element-c1f0d78 elementor-section-content-middle elementor-section-boxed elementor-section-height-default elementor-section-height-default\" data-id=\"c1f0d78\" data-element_type=\"section\" data-e-type=\"section\">\n\t\t\t\t\t\t<div class=\"elementor-container elementor-column-gap-no\">\n\t\t\t\t\t<div class=\"elementor-column elementor-col-50 elementor-inner-column elementor-element elementor-element-d741e95\" data-id=\"d741e95\" data-element_type=\"column\" data-e-type=\"column\">\n\t\t\t<div class=\"elementor-widget-wrap elementor-element-populated\">\n\t\t\t\t\t\t<div class=\"elementor-element elementor-element-ef5d0bf animated-slow elementor-invisible elementor-widget elementor-widget-google_maps\" data-id=\"ef5d0bf\" data-element_type=\"widget\" data-e-type=\"widget\" data-settings=\"{&quot;_animation&quot;:&quot;fadeInLeft&quot;}\" data-widget_type=\"google_maps.default\">\n\t\t\t\t<div class=\"elementor-widget-container\">\n\t\t\t\t\t\t\t<div class=\"elementor-custom-embed\">\n\t\t\t<iframe loading=\"lazy\"\n\t\t\t\t\tsrc=\"https:\/\/maps.google.com\/maps?q=Calle%20Rufino%20Gonz%C3%A1lez%2014%2C%2028037%2C%20Madrid&#038;t=m&#038;z=15&#038;output=embed&#038;iwloc=near\"\n\t\t\t\t\ttitle=\"Calle Rufino Gonz\u00e1lez 14, 28037, Madrid\"\n\t\t\t\t\taria-label=\"Calle Rufino Gonz\u00e1lez 14, 28037, Madrid\"\n\t\t\t><\/iframe>\n\t\t<\/div>\n\t\t\t\t\t\t<\/div>\n\t\t\t\t<\/div>\n\t\t\t\t\t<\/div>\n\t\t<\/div>\n\t\t\t\t<div class=\"elementor-column elementor-col-50 elementor-inner-column elementor-element elementor-element-b3a8a71 animated-slow elementor-invisible\" data-id=\"b3a8a71\" data-element_type=\"column\" data-e-type=\"column\" data-settings=\"{&quot;background_background&quot;:&quot;classic&quot;,&quot;animation&quot;:&quot;fadeInRight&quot;}\">\n\t\t\t<div class=\"elementor-widget-wrap elementor-element-populated\">\n\t\t\t\t\t\t<div class=\"elementor-element elementor-element-c006dd3 elementor-widget elementor-widget-heading\" data-id=\"c006dd3\" data-element_type=\"widget\" data-e-type=\"widget\" data-widget_type=\"heading.default\">\n\t\t\t\t<div class=\"elementor-widget-container\">\n\t\t\t\t\t<h4 class=\"elementor-heading-title elementor-size-default\">DANCING BOULEVARD<\/h4>\t\t\t\t<\/div>\n\t\t\t\t<\/div>\n\t\t\t\t<div class=\"elementor-element elementor-element-710e6c0 elementor-widget__width-initial elementor-widget-tablet__width-initial elementor-widget-mobile__width-initial elementor-widget elementor-widget-heading\" data-id=\"710e6c0\" data-element_type=\"widget\" data-e-type=\"widget\" data-widget_type=\"heading.default\">\n\t\t\t\t<div class=\"elementor-widget-container\">\n\t\t\t\t\t<p class=\"elementor-heading-title elementor-size-default\">Calle andorra 65, Madrid<\/p>\t\t\t\t<\/div>\n\t\t\t\t<\/div>\n\t\t\t\t<div class=\"elementor-element elementor-element-12e8bd4 elementor-widget elementor-widget-spacer\" data-id=\"12e8bd4\" data-element_type=\"widget\" data-e-type=\"widget\" data-widget_type=\"spacer.default\">\n\t\t\t\t<div class=\"elementor-widget-container\">\n\t\t\t\t\t\t\t<div class=\"elementor-spacer\">\n\t\t\t<div class=\"elementor-spacer-inner\"><\/div>\n\t\t<\/div>\n\t\t\t\t\t\t<\/div>\n\t\t\t\t<\/div>\n\t\t\t\t\t<\/div>\n\t\t<\/div>\n\t\t\t\t\t<\/div>\n\t\t<\/section>\n\t\t\t\t<div class=\"elementor-element elementor-element-4c2d87f animated-slow elementor-invisible elementor-widget elementor-widget-eael-creative-button\" data-id=\"4c2d87f\" data-element_type=\"widget\" data-e-type=\"widget\" data-settings=\"{&quot;_animation&quot;:&quot;fadeInUp&quot;,&quot;_animation_delay&quot;:1500}\" data-widget_type=\"eael-creative-button.default\">\n\t\t\t\t<div class=\"elementor-widget-container\">\n\t\t\t\t\t        <div class=\"eael-creative-button-wrapper\">\n\n            <a class=\"eael-creative-button eael-creative-button--rayen eael-cb-icon-position-right\" href=\"https:\/\/wa.me\/34663679804?text=Hola%2C%20quiero%20apuntarme%20a%20la%20workshop%20de%20Jumpstyle\" data-text=\"Resevar plaza\">\n            \t    \n                <div class=\"creative-button-inner\">\n\n                    \n                    <span class=\"cretive-button-text\">Resevar plaza<\/span>\n\n                                            <span class=\"eael-creative-button-icon-right\"><svg aria-hidden=\"true\" class=\"e-font-icon-svg e-fas-minus\" viewbox=\"0 0 448 512\" xmlns=\"http:\/\/www.w3.org\/2000\/svg\"><path d=\"M416 208H32c-17.67 0-32 14.33-32 32v32c0 17.67 14.33 32 32 32h384c17.67 0 32-14.33 32-32v-32c0-17.67-14.33-32-32-32z\"><\/path><\/svg><\/span>                                    <\/div>\n\t                        <\/a>\n        <\/div>\n        \t\t\t\t<\/div>\n\t\t\t\t<\/div>\n\t\t\t\t\t<\/div>\n\t\t<\/div>\n\t\t\t\t\t<\/div>\n\t\t<\/section>\n\t\t\t\t<\/div>","protected":false},"excerpt":{"rendered":"<p>Home Contact WORKSHOP Jumpstyle en Madrid El pr\u00f3ximo S\u00e1bado 18 de Abril, prep\u00e1rate para despegar. Te invitamos a un workshop de Jumpstyle exclusivo en Madrid, dise\u00f1ado para quienes buscan dominar el ritmo, mejorar su t\u00e9cnica y sudar la camiseta en un ambiente inmejorable. No importa si est\u00e1s empezando o si ya tienes experiencia; este es [&hellip;]<\/p>\n","protected":false},"author":2,"featured_media":1573,"parent":0,"menu_order":0,"comment_status":"closed","ping_status":"closed","template":"","meta":{"footnotes":""},"class_list":["post-1560","page","type-page","status-publish","has-post-thumbnail","hentry"],"yoast_head":"<!-- This site is optimized with the Yoast SEO plugin v27.3 - https:\/\/yoast.com\/product\/yoast-seo-wordpress\/ -->\n<title>Taller de Jumpstyle - Adrenaline<\/title>\n<meta name=\"description\" content=\"Jumpstyle en Madrid, participa en el workshop de Jumpstyle Adrenaline. Aprende, baila y vive la experiencia. \u00a1Plazas limitadas!\" \/>\n<meta name=\"robots\" content=\"index, follow, max-snippet:-1, max-image-preview:large, max-video-preview:-1\" \/>\n<link rel=\"canonical\" href=\"https:\/\/adrenalinee.es\/en\/taller-de-jumpstyle\/\" \/>\n<meta property=\"og:locale\" content=\"en_US\" \/>\n<meta property=\"og:type\" content=\"article\" \/>\n<meta property=\"og:title\" content=\"Taller de Jumpstyle - Adrenaline\" \/>\n<meta property=\"og:description\" content=\"Jumpstyle en Madrid, participa en el workshop de Jumpstyle Adrenaline. Aprende, baila y vive la experiencia. \u00a1Plazas limitadas!\" \/>\n<meta property=\"og:url\" content=\"https:\/\/adrenalinee.es\/en\/taller-de-jumpstyle\/\" \/>\n<meta property=\"og:site_name\" content=\"Adrenaline\" \/>\n<meta property=\"article:publisher\" content=\"https:\/\/www.facebook.com\/AdrenalineTeamES\" \/>\n<meta property=\"article:modified_time\" content=\"2026-04-08T13:30:57+00:00\" \/>\n<meta property=\"og:image\" content=\"https:\/\/adrenalinee.es\/wp-content\/uploads\/2026\/04\/ad3.png\" \/>\n\t<meta property=\"og:image:width\" content=\"595\" \/>\n\t<meta property=\"og:image:height\" content=\"880\" \/>\n\t<meta property=\"og:image:type\" content=\"image\/png\" \/>\n<meta name=\"twitter:card\" content=\"summary_large_image\" \/>\n<meta name=\"twitter:label1\" content=\"Est. reading time\" \/>\n\t<meta name=\"twitter:data1\" content=\"2 minutes\" \/>\n<!-- \/ Yoast SEO plugin. -->","yoast_head_json":{"title":"Taller de Jumpstyle - Adrenaline","description":"Jumpstyle en Madrid, participa en el workshop de Jumpstyle Adrenaline. Aprende, baila y vive la experiencia. \u00a1Plazas limitadas!","robots":{"index":"index","follow":"follow","max-snippet":"max-snippet:-1","max-image-preview":"max-image-preview:large","max-video-preview":"max-video-preview:-1"},"canonical":"https:\/\/adrenalinee.es\/en\/taller-de-jumpstyle\/","og_locale":"en_US","og_type":"article","og_title":"Taller de Jumpstyle - Adrenaline","og_description":"Jumpstyle en Madrid, participa en el workshop de Jumpstyle Adrenaline. Aprende, baila y vive la experiencia. \u00a1Plazas limitadas!","og_url":"https:\/\/adrenalinee.es\/en\/taller-de-jumpstyle\/","og_site_name":"Adrenaline","article_publisher":"https:\/\/www.facebook.com\/AdrenalineTeamES","article_modified_time":"2026-04-08T13:30:57+00:00","og_image":[{"width":595,"height":880,"url":"https:\/\/adrenalinee.es\/wp-content\/uploads\/2026\/04\/ad3.png","type":"image\/png"}],"twitter_card":"summary_large_image","twitter_misc":{"Est. reading time":"2 minutes"},"schema":{"@context":"https:\/\/schema.org","@graph":[{"@type":"WebPage","@id":"https:\/\/adrenalinee.es\/taller-de-jumpstyle\/","url":"https:\/\/adrenalinee.es\/taller-de-jumpstyle\/","name":"Taller de Jumpstyle - Adrenaline","isPartOf":{"@id":"https:\/\/adrenalinee.es\/#website"},"primaryImageOfPage":{"@id":"https:\/\/adrenalinee.es\/taller-de-jumpstyle\/#primaryimage"},"image":{"@id":"https:\/\/adrenalinee.es\/taller-de-jumpstyle\/#primaryimage"},"thumbnailUrl":"https:\/\/adrenalinee.es\/wp-content\/uploads\/2026\/04\/ad3.png","datePublished":"2026-04-08T13:17:36+00:00","dateModified":"2026-04-08T13:30:57+00:00","description":"Jumpstyle en Madrid, participa en el workshop de Jumpstyle Adrenaline. Aprende, baila y vive la experiencia. \u00a1Plazas limitadas!","breadcrumb":{"@id":"https:\/\/adrenalinee.es\/taller-de-jumpstyle\/#breadcrumb"},"inLanguage":"en-US","potentialAction":[{"@type":"ReadAction","target":["https:\/\/adrenalinee.es\/taller-de-jumpstyle\/"]}]},{"@type":"ImageObject","inLanguage":"en-US","@id":"https:\/\/adrenalinee.es\/taller-de-jumpstyle\/#primaryimage","url":"https:\/\/adrenalinee.es\/wp-content\/uploads\/2026\/04\/ad3.png","contentUrl":"https:\/\/adrenalinee.es\/wp-content\/uploads\/2026\/04\/ad3.png","width":595,"height":880},{"@type":"BreadcrumbList","@id":"https:\/\/adrenalinee.es\/taller-de-jumpstyle\/#breadcrumb","itemListElement":[{"@type":"ListItem","position":1,"name":"Portada","item":"https:\/\/adrenalinee.es\/"},{"@type":"ListItem","position":2,"name":"Taller de Jumpstyle"}]},{"@type":"WebSite","@id":"https:\/\/adrenalinee.es\/#website","url":"https:\/\/adrenalinee.es\/","name":"https:\/\/adrenalinee.es\/","description":"Equipo de bailarines","publisher":{"@id":"https:\/\/adrenalinee.es\/#organization"},"potentialAction":[{"@type":"SearchAction","target":{"@type":"EntryPoint","urlTemplate":"https:\/\/adrenalinee.es\/?s={search_term_string}"},"query-input":{"@type":"PropertyValueSpecification","valueRequired":true,"valueName":"search_term_string"}}],"inLanguage":"en-US"},{"@type":"Organization","@id":"https:\/\/adrenalinee.es\/#organization","name":"Adrenaline","url":"https:\/\/adrenalinee.es\/","logo":{"@type":"ImageObject","inLanguage":"en-US","@id":"https:\/\/adrenalinee.es\/#\/schema\/logo\/image\/","url":"https:\/\/adrenalinee.es\/wp-content\/uploads\/2025\/05\/adrenaline-no-text-1024x1024.png","contentUrl":"https:\/\/adrenalinee.es\/wp-content\/uploads\/2025\/05\/adrenaline-no-text-1024x1024.png","width":1024,"height":1024,"caption":"Adrenaline"},"image":{"@id":"https:\/\/adrenalinee.es\/#\/schema\/logo\/image\/"},"sameAs":["https:\/\/www.facebook.com\/AdrenalineTeamES","https:\/\/www.instagram.com\/hypemove.adrenaline\/"]}]}},"_links":{"self":[{"href":"https:\/\/adrenalinee.es\/en\/wp-json\/wp\/v2\/pages\/1560","targetHints":{"allow":["GET"]}}],"collection":[{"href":"https:\/\/adrenalinee.es\/en\/wp-json\/wp\/v2\/pages"}],"about":[{"href":"https:\/\/adrenalinee.es\/en\/wp-json\/wp\/v2\/types\/page"}],"author":[{"embeddable":true,"href":"https:\/\/adrenalinee.es\/en\/wp-json\/wp\/v2\/users\/2"}],"replies":[{"embeddable":true,"href":"https:\/\/adrenalinee.es\/en\/wp-json\/wp\/v2\/comments?post=1560"}],"version-history":[{"count":10,"href":"https:\/\/adrenalinee.es\/en\/wp-json\/wp\/v2\/pages\/1560\/revisions"}],"predecessor-version":[{"id":1572,"href":"https:\/\/adrenalinee.es\/en\/wp-json\/wp\/v2\/pages\/1560\/revisions\/1572"}],"wp:featuredmedia":[{"embeddable":true,"href":"https:\/\/adrenalinee.es\/en\/wp-json\/wp\/v2\/media\/1573"}],"wp:attachment":[{"href":"https:\/\/adrenalinee.es\/en\/wp-json\/wp\/v2\/media?parent=1560"}],"curies":[{"name":"wp","href":"https:\/\/api.w.org\/{rel}","templated":true}]}}