{"id":1469,"date":"2026-02-17T11:09:20","date_gmt":"2026-02-17T11:09:20","guid":{"rendered":"https:\/\/adrenalinee.es\/?page_id=1469"},"modified":"2026-02-23T10:51:59","modified_gmt":"2026-02-23T10:51:59","slug":"actuaciones-en-vivo","status":"publish","type":"page","link":"https:\/\/adrenalinee.es\/en\/actuaciones-en-vivo\/","title":{"rendered":"Actuaciones en vivo del equipo"},"content":{"rendered":"\t\t<div data-elementor-type=\"wp-page\" data-elementor-id=\"1469\" class=\"elementor elementor-1469\">\n\t\t\t\t\t\t<section class=\"elementor-section elementor-top-section elementor-element elementor-element-1362a2f elementor-section-height-min-height elementor-section-boxed elementor-section-height-default elementor-section-items-middle\" data-id=\"1362a2f\" data-element_type=\"section\" data-e-type=\"section\" data-settings=\"{&quot;background_background&quot;:&quot;classic&quot;}\">\n\t\t\t\t\t\t\t<div class=\"elementor-background-overlay\"><\/div>\n\t\t\t\t\t\t\t<div class=\"elementor-container elementor-column-gap-default\">\n\t\t\t\t\t<div class=\"elementor-column elementor-col-100 elementor-top-column elementor-element elementor-element-6ead11d\" data-id=\"6ead11d\" data-element_type=\"column\" data-e-type=\"column\">\n\t\t\t<div class=\"elementor-widget-wrap elementor-element-populated\">\n\t\t\t\t\t\t<div class=\"elementor-element elementor-element-51cc0be elementor-icon-list--layout-inline elementor-align-center animated-slow elementor-list-item-link-full_width elementor-invisible elementor-widget elementor-widget-icon-list\" data-id=\"51cc0be\" data-element_type=\"widget\" data-e-type=\"widget\" data-settings=\"{&quot;_animation&quot;:&quot;fadeInUp&quot;}\" data-widget_type=\"icon-list.default\">\n\t\t\t\t<div class=\"elementor-widget-container\">\n\t\t\t\t\t\t\t<ul class=\"elementor-icon-list-items elementor-inline-items\">\n\t\t\t\t\t\t\t<li class=\"elementor-icon-list-item elementor-inline-item\">\n\t\t\t\t\t\t\t\t\t\t\t<a href=\"https:\/\/adrenalinee.es\/\">\n\n\t\t\t\t\t\t\t\t\t\t\t<span class=\"elementor-icon-list-text\">Inicio<\/span>\n\t\t\t\t\t\t\t\t\t\t\t<\/a>\n\t\t\t\t\t\t\t\t\t<\/li>\n\t\t\t\t\t\t\t\t<li class=\"elementor-icon-list-item elementor-inline-item\">\n\t\t\t\t\t\t\t\t\t\t\t<a href=\"#\">\n\n\t\t\t\t\t\t\t\t\t\t\t\t<span class=\"elementor-icon-list-icon\">\n\t\t\t\t\t\t\t<svg aria-hidden=\"true\" class=\"e-font-icon-svg e-fas-angle-right\" viewBox=\"0 0 256 512\" xmlns=\"http:\/\/www.w3.org\/2000\/svg\"><path d=\"M224.3 273l-136 136c-9.4 9.4-24.6 9.4-33.9 0l-22.6-22.6c-9.4-9.4-9.4-24.6 0-33.9l96.4-96.4-96.4-96.4c-9.4-9.4-9.4-24.6 0-33.9L54.3 103c9.4-9.4 24.6-9.4 33.9 0l136 136c9.5 9.4 9.5 24.6.1 34z\"><\/path><\/svg>\t\t\t\t\t\t<\/span>\n\t\t\t\t\t\t\t\t\t\t<span class=\"elementor-icon-list-text\">Shows<\/span>\n\t\t\t\t\t\t\t\t\t\t\t<\/a>\n\t\t\t\t\t\t\t\t\t<\/li>\n\t\t\t\t\t\t<\/ul>\n\t\t\t\t\t\t<\/div>\n\t\t\t\t<\/div>\n\t\t\t\t<div class=\"elementor-element elementor-element-29aeb67 animated-slow elementor-widget__width-initial elementor-invisible elementor-widget elementor-widget-heading\" data-id=\"29aeb67\" data-element_type=\"widget\" data-e-type=\"widget\" data-settings=\"{&quot;_animation&quot;:&quot;fadeInUp&quot;,&quot;_animation_delay&quot;:300}\" data-widget_type=\"heading.default\">\n\t\t\t\t<div class=\"elementor-widget-container\">\n\t\t\t\t\t<h2 class=\"elementor-heading-title elementor-size-default\">Shows de adrenaline EN VIVO<\/h2>\t\t\t\t<\/div>\n\t\t\t\t<\/div>\n\t\t\t\t\t<\/div>\n\t\t<\/div>\n\t\t\t\t\t<\/div>\n\t\t<\/section>\n\t\t\t\t<section class=\"elementor-section elementor-top-section elementor-element elementor-element-8692b60 actuaciones elementor-section-boxed elementor-section-height-default elementor-section-height-default\" data-id=\"8692b60\" data-element_type=\"section\" data-e-type=\"section\" data-settings=\"{&quot;background_background&quot;:&quot;slideshow&quot;,&quot;background_slideshow_gallery&quot;:[{&quot;id&quot;:354,&quot;url&quot;:&quot;https:\\\/\\\/adrenalinee.es\\\/wp-content\\\/uploads\\\/2025\\\/06\\\/WhatsApp-Image-2025-06-28-at-23.16.29-scaled.jpeg&quot;},{&quot;id&quot;:54,&quot;url&quot;:&quot;https:\\\/\\\/adrenalinee.es\\\/wp-content\\\/uploads\\\/2025\\\/05\\\/IMG_0688-scaled.webp&quot;},{&quot;id&quot;:15,&quot;url&quot;:&quot;https:\\\/\\\/adrenalinee.es\\\/wp-content\\\/uploads\\\/2025\\\/05\\\/LaQuedada-16-scaled-e1749671802487.png&quot;}],&quot;background_slideshow_slide_transition&quot;:&quot;slide_right&quot;,&quot;background_slideshow_loop&quot;:&quot;yes&quot;,&quot;background_slideshow_slide_duration&quot;:5000,&quot;background_slideshow_transition_duration&quot;:500}\">\n\t\t\t\t\t\t\t<div class=\"elementor-background-overlay\"><\/div>\n\t\t\t\t\t\t\t<div class=\"elementor-container elementor-column-gap-default\">\n\t\t\t\t\t<div class=\"elementor-column elementor-col-100 elementor-top-column elementor-element elementor-element-073c637\" data-id=\"073c637\" data-element_type=\"column\" data-e-type=\"column\">\n\t\t\t<div class=\"elementor-widget-wrap elementor-element-populated\">\n\t\t\t\t\t\t<div class=\"elementor-element elementor-element-8cdb33e elementor-widget-divider--view-line_text elementor-widget-divider--element-align-left animated-slow elementor-invisible elementor-widget elementor-widget-divider\" data-id=\"8cdb33e\" data-element_type=\"widget\" data-e-type=\"widget\" data-settings=\"{&quot;_animation&quot;:&quot;fadeInLeft&quot;}\" data-widget_type=\"divider.default\">\n\t\t\t\t<div class=\"elementor-widget-container\">\n\t\t\t\t\t\t\t<div class=\"elementor-divider\">\n\t\t\t<span class=\"elementor-divider-separator\">\n\t\t\t\t\t\t\t<span class=\"elementor-divider__text elementor-divider__element\">\n\t\t\t\tSHOWS\t\t\t\t<\/span>\n\t\t\t\t\t\t<\/span>\n\t\t<\/div>\n\t\t\t\t\t\t<\/div>\n\t\t\t\t<\/div>\n\t\t<div class=\"elementor-element elementor-element-27d7c0f e-flex e-con-boxed e-con e-parent\" data-id=\"27d7c0f\" data-element_type=\"container\" data-e-type=\"container\">\n\t\t\t\t\t<div class=\"e-con-inner\">\n\t\t<div class=\"elementor-element elementor-element-a6abca9 e-con-full e-flex e-con e-child\" data-id=\"a6abca9\" data-element_type=\"container\" data-e-type=\"container\">\n\t\t\t\t<div class=\"elementor-element elementor-element-a82f645 elementor-widget__width-initial elementor-widget-mobile__width-initial elementor-widget elementor-widget-html\" data-id=\"a82f645\" data-element_type=\"widget\" data-e-type=\"widget\" data-widget_type=\"html.default\">\n\t\t\t\t<div class=\"elementor-widget-container\">\n\t\t\t\t\t<style>\r\n.tiktok-wrapper {\r\n  max-width: 100%;\r\n  width: 100%;\r\n  padding: 0;           \/* elimina padding *\/\r\n  border-radius: 0;     \/* elimina bordes redondeados si quieres *\/\r\n  background: transparent;  \/* asegura que el fondo sea transparente *\/\r\n  box-sizing: border-box;\r\n}\r\n\r\n.tiktok-embed {\r\n  max-width: 100% !important;\r\n  width: 100% !important;\r\n  min-width: 0 !important;\r\n  background: transparent !important; \/* intenta forzar transparencia *\/\r\n}\r\n<\/style>\r\n\r\n<div class=\"tiktok-wrapper\">\r\n  <blockquote class=\"tiktok-embed\" \r\n    cite=\"https:\/\/www.tiktok.com\/@adrenalinee.team\/video\/7519477428356484374\" \r\n    data-video-id=\"7519477428356484374\">\r\n    <section>Loading\u2026<\/section>\r\n  <\/blockquote>\r\n<\/div>\r\n<script async src=\"https:\/\/www.tiktok.com\/embed.js\"><\/script>\r\n\t\t\t\t<\/div>\n\t\t\t\t<\/div>\n\t\t\t\t<\/div>\n\t\t<div class=\"elementor-element elementor-element-d9ff9c6 e-con-full e-flex e-con e-child\" data-id=\"d9ff9c6\" data-element_type=\"container\" data-e-type=\"container\">\n\t\t\t\t<div class=\"elementor-element elementor-element-1c2e554 animated-slow elementor-widget__width-initial elementor-widget-mobile__width-initial elementor-invisible elementor-widget elementor-widget-heading\" data-id=\"1c2e554\" data-element_type=\"widget\" data-e-type=\"widget\" data-settings=\"{&quot;_animation&quot;:&quot;fadeInUp&quot;}\" data-widget_type=\"heading.default\">\n\t\t\t\t<div class=\"elementor-widget-container\">\n\t\t\t\t\t<h2 class=\"elementor-heading-title elementor-size-default\">DANCING BOULEVARD<\/h2>\t\t\t\t<\/div>\n\t\t\t\t<\/div>\n\t\t\t\t<div class=\"elementor-element elementor-element-0d22029 elementor-widget elementor-widget-text-editor\" data-id=\"0d22029\" data-element_type=\"widget\" data-e-type=\"widget\" data-widget_type=\"text-editor.default\">\n\t\t\t\t<div class=\"elementor-widget-container\">\n\t\t\t\t\t\t\t\t\t<p>El pasado\u202f21 de junio de 2025, el equipo\u202fAdrenaline \u202ftuvo el honor de colaborar con la escuela<strong>\u202fde baile&nbsp;<a href=\"https:\/\/dancingboulevard.com\/\" target=\"_blank\" rel=\"noopener\">@dancingboulevard<\/a><\/strong>, participando en sus actuaciones de fin de curso. Ante un p\u00fablico de m\u00e1s de \u202f300 personas, presentamos una puesta en escena que fusion\u00f3\u202f\u202fHakken\u202fy\u202fStreetfight, dos estilos que definen nuestra esencia y visi\u00f3n del baile.<\/p>\n<p>Fue una oportunidad incre\u00edble para mostrar la fuerza, velocidad y car\u00e1cter de nuestra disciplina, y para acercar a muchas personas \u2014algunas por primera vez\u2014 al universo del baile electr\u00f3nico underground. La acogida fue brutal, y nos llevamos una oleada de energ\u00eda y reconocimiento que solo nos impulsa a seguir.<\/p>\n<p>Gracias a Dancing Boulevard por abrirnos las puertas, al p\u00fablico por conectar con nosotros, y al equipo por dejarlo todo sobre el escenario.<\/p>\t\t\t\t\t\t\t\t<\/div>\n\t\t\t\t<\/div>\n\t\t\t\t<\/div>\n\t\t\t\t\t<\/div>\n\t\t\t\t<\/div>\n\t\t<div class=\"elementor-element elementor-element-d7b41e3 e-flex e-con-boxed e-con e-parent\" data-id=\"d7b41e3\" data-element_type=\"container\" data-e-type=\"container\">\n\t\t\t\t\t<div class=\"e-con-inner\">\n\t\t<div class=\"elementor-element elementor-element-68de214 e-con-full e-flex e-con e-child\" data-id=\"68de214\" data-element_type=\"container\" data-e-type=\"container\">\n\t\t\t\t<div class=\"elementor-element elementor-element-4696a07 elementor-widget__width-initial elementor-widget elementor-widget-html\" data-id=\"4696a07\" data-element_type=\"widget\" data-e-type=\"widget\" data-widget_type=\"html.default\">\n\t\t\t\t<div class=\"elementor-widget-container\">\n\t\t\t\t\t<style>\r\n  .instagram-media {\r\n    background: #000 !important;\r\n    border: 0 !important;\r\n    border-radius: 8px !important;\r\n    margin: 1px auto !important;\r\n    max-width: 100% !important;\r\n    width: 100% !important;\r\n    padding: 0 !important;\r\n    box-shadow: 0 0 10px rgba(0, 0, 0, 0.5) !important;\r\n    box-sizing: border-box;\r\n  }\r\n<\/style>\r\n\r\n<blockquote class=\"instagram-media\" data-instgrm-permalink=\"https:\/\/www.instagram.com\/reel\/DFlCblDC5or\/\" data-instgrm-version=\"14\"><\/blockquote>\r\n<script async src=\"\/\/www.instagram.com\/embed.js\"><\/script>\r\n\t\t\t\t<\/div>\n\t\t\t\t<\/div>\n\t\t\t\t<\/div>\n\t\t<div class=\"elementor-element elementor-element-16435e7 e-con-full e-flex e-con e-child\" data-id=\"16435e7\" data-element_type=\"container\" data-e-type=\"container\">\n\t\t\t\t<div class=\"elementor-element elementor-element-b59d03d animated-slow elementor-widget__width-initial elementor-widget-mobile__width-initial elementor-invisible elementor-widget elementor-widget-heading\" data-id=\"b59d03d\" data-element_type=\"widget\" data-e-type=\"widget\" data-settings=\"{&quot;_animation&quot;:&quot;fadeInUp&quot;}\" data-widget_type=\"heading.default\">\n\t\t\t\t<div class=\"elementor-widget-container\">\n\t\t\t\t\t<h2 class=\"elementor-heading-title elementor-size-default\">LA QUEDADA DEL A\u00d1O<\/h2>\t\t\t\t<\/div>\n\t\t\t\t<\/div>\n\t\t\t\t<div class=\"elementor-element elementor-element-cabbd71 elementor-widget elementor-widget-text-editor\" data-id=\"cabbd71\" data-element_type=\"widget\" data-e-type=\"widget\" data-widget_type=\"text-editor.default\">\n\t\t\t\t<div class=\"elementor-widget-container\">\n\t\t\t\t\t\t\t\t\t<p data-start=\"170\" data-end=\"600\">El equipo Adrenaline realiz\u00f3 su primera presentaci\u00f3n en vivo durante el evento <strong data-start=\"249\" data-end=\"273\">\u201cLa Quedada del A\u00f1o\u201d<\/strong>, organizado por\u00a0<a href=\"https:\/\/www.instagram.com\/hypemovecore\/\" target=\"_blank\" rel=\"noopener\"><b>@HypemoveCore<\/b><\/a>\u00a0y con una asistencia aproximada de entre 90 y 100 personas. En esta ocasi\u00f3n, el grupo sorprendi\u00f3 al p\u00fablico con una coreograf\u00eda de <strong data-start=\"434\" data-end=\"444\">Hakken<\/strong> al ritmo de la canci\u00f3n <strong data-start=\"468\" data-end=\"481\">\u201cJackpot\u201d<\/strong> de The Straikerz, desafiando los prejuicios existentes sobre la integraci\u00f3n de coreograf\u00edas en la m\u00fasica <strong data-start=\"587\" data-end=\"599\">hardcore<\/strong>.<\/p><p data-start=\"602\" data-end=\"851\">La actuaci\u00f3n fue recibida con gran entusiasmo y aceptaci\u00f3n, demostrando que la creatividad y la t\u00e9cnica pueden coexistir con la intensidad del hardcore, a pesar de las cr\u00edticas y escepticismo que a menudo rodean este tipo de propuestas en la escena.<\/p>\t\t\t\t\t\t\t\t<\/div>\n\t\t\t\t<\/div>\n\t\t\t\t<\/div>\n\t\t\t\t\t<\/div>\n\t\t\t\t<\/div>\n\t\t\t\t\t<\/div>\n\t\t<\/div>\n\t\t\t\t\t<\/div>\n\t\t<\/section>\n\t\t\t\t<\/div>\n\t\t","protected":false},"excerpt":{"rendered":"<p>Inicio Shows Shows de adrenaline EN VIVO SHOWS Loading\u2026 DANCING BOULEVARD El pasado\u202f21 de junio de 2025, el equipo\u202fAdrenaline \u202ftuvo el honor de colaborar con la escuela\u202fde baile&nbsp;@dancingboulevard, participando en sus actuaciones de fin de curso. Ante un p\u00fablico de m\u00e1s de \u202f300 personas, presentamos una puesta en escena que fusion\u00f3\u202f\u202fHakken\u202fy\u202fStreetfight, dos estilos que definen [&hellip;]<\/p>\n","protected":false},"author":1,"featured_media":354,"parent":0,"menu_order":0,"comment_status":"closed","ping_status":"closed","template":"","meta":{"footnotes":""},"class_list":["post-1469","page","type-page","status-publish","has-post-thumbnail","hentry"],"yoast_head":"<!-- This site is optimized with the Yoast SEO plugin v27.3 - https:\/\/yoast.com\/product\/yoast-seo-wordpress\/ -->\n<title>Actuaciones en vivo del equipo - Adrenaline<\/title>\n<meta name=\"robots\" content=\"index, follow, max-snippet:-1, max-image-preview:large, max-video-preview:-1\" \/>\n<link rel=\"canonical\" href=\"https:\/\/adrenalinee.es\/en\/actuaciones-en-vivo\/\" \/>\n<meta property=\"og:locale\" content=\"en_US\" \/>\n<meta property=\"og:type\" content=\"article\" \/>\n<meta property=\"og:title\" content=\"Actuaciones en vivo del equipo - Adrenaline\" \/>\n<meta property=\"og:description\" content=\"Inicio Shows Shows de adrenaline EN VIVO SHOWS Loading\u2026 DANCING BOULEVARD El pasado\u202f21 de junio de 2025, el equipo\u202fAdrenaline \u202ftuvo el honor de colaborar con la escuela\u202fde baile&nbsp;@dancingboulevard, participando en sus actuaciones de fin de curso. Ante un p\u00fablico de m\u00e1s de \u202f300 personas, presentamos una puesta en escena que fusion\u00f3\u202f\u202fHakken\u202fy\u202fStreetfight, dos estilos que definen [&hellip;]\" \/>\n<meta property=\"og:url\" content=\"https:\/\/adrenalinee.es\/en\/actuaciones-en-vivo\/\" \/>\n<meta property=\"og:site_name\" content=\"Adrenaline\" \/>\n<meta property=\"article:publisher\" content=\"https:\/\/www.facebook.com\/AdrenalineTeamES\" \/>\n<meta property=\"article:modified_time\" content=\"2026-02-23T10:51:59+00:00\" \/>\n<meta property=\"og:image\" content=\"https:\/\/adrenalinee.es\/wp-content\/uploads\/2025\/06\/WhatsApp-Image-2025-06-28-at-23.16.29-scaled.jpeg\" \/>\n\t<meta property=\"og:image:width\" content=\"1707\" \/>\n\t<meta property=\"og:image:height\" content=\"2560\" \/>\n\t<meta property=\"og:image:type\" content=\"image\/jpeg\" \/>\n<meta name=\"twitter:card\" content=\"summary_large_image\" \/>\n<meta name=\"twitter:label1\" content=\"Est. reading time\" \/>\n\t<meta name=\"twitter:data1\" content=\"2 minutes\" \/>\n<!-- \/ Yoast SEO plugin. -->","yoast_head_json":{"title":"Actuaciones en vivo del equipo - Adrenaline","robots":{"index":"index","follow":"follow","max-snippet":"max-snippet:-1","max-image-preview":"max-image-preview:large","max-video-preview":"max-video-preview:-1"},"canonical":"https:\/\/adrenalinee.es\/en\/actuaciones-en-vivo\/","og_locale":"en_US","og_type":"article","og_title":"Actuaciones en vivo del equipo - Adrenaline","og_description":"Inicio Shows Shows de adrenaline EN VIVO SHOWS Loading\u2026 DANCING BOULEVARD El pasado\u202f21 de junio de 2025, el equipo\u202fAdrenaline \u202ftuvo el honor de colaborar con la escuela\u202fde baile&nbsp;@dancingboulevard, participando en sus actuaciones de fin de curso. Ante un p\u00fablico de m\u00e1s de \u202f300 personas, presentamos una puesta en escena que fusion\u00f3\u202f\u202fHakken\u202fy\u202fStreetfight, dos estilos que definen [&hellip;]","og_url":"https:\/\/adrenalinee.es\/en\/actuaciones-en-vivo\/","og_site_name":"Adrenaline","article_publisher":"https:\/\/www.facebook.com\/AdrenalineTeamES","article_modified_time":"2026-02-23T10:51:59+00:00","og_image":[{"width":1707,"height":2560,"url":"https:\/\/adrenalinee.es\/wp-content\/uploads\/2025\/06\/WhatsApp-Image-2025-06-28-at-23.16.29-scaled.jpeg","type":"image\/jpeg"}],"twitter_card":"summary_large_image","twitter_misc":{"Est. reading time":"2 minutes"},"schema":{"@context":"https:\/\/schema.org","@graph":[{"@type":"WebPage","@id":"https:\/\/adrenalinee.es\/actuaciones-en-vivo\/","url":"https:\/\/adrenalinee.es\/actuaciones-en-vivo\/","name":"Actuaciones en vivo del equipo - Adrenaline","isPartOf":{"@id":"https:\/\/adrenalinee.es\/#website"},"primaryImageOfPage":{"@id":"https:\/\/adrenalinee.es\/actuaciones-en-vivo\/#primaryimage"},"image":{"@id":"https:\/\/adrenalinee.es\/actuaciones-en-vivo\/#primaryimage"},"thumbnailUrl":"https:\/\/adrenalinee.es\/wp-content\/uploads\/2025\/06\/WhatsApp-Image-2025-06-28-at-23.16.29-scaled.jpeg","datePublished":"2026-02-17T11:09:20+00:00","dateModified":"2026-02-23T10:51:59+00:00","breadcrumb":{"@id":"https:\/\/adrenalinee.es\/actuaciones-en-vivo\/#breadcrumb"},"inLanguage":"en-US","potentialAction":[{"@type":"ReadAction","target":["https:\/\/adrenalinee.es\/actuaciones-en-vivo\/"]}]},{"@type":"ImageObject","inLanguage":"en-US","@id":"https:\/\/adrenalinee.es\/actuaciones-en-vivo\/#primaryimage","url":"https:\/\/adrenalinee.es\/wp-content\/uploads\/2025\/06\/WhatsApp-Image-2025-06-28-at-23.16.29-scaled.jpeg","contentUrl":"https:\/\/adrenalinee.es\/wp-content\/uploads\/2025\/06\/WhatsApp-Image-2025-06-28-at-23.16.29-scaled.jpeg","width":1707,"height":2560},{"@type":"BreadcrumbList","@id":"https:\/\/adrenalinee.es\/actuaciones-en-vivo\/#breadcrumb","itemListElement":[{"@type":"ListItem","position":1,"name":"Portada","item":"https:\/\/adrenalinee.es\/"},{"@type":"ListItem","position":2,"name":"Actuaciones en vivo del equipo"}]},{"@type":"WebSite","@id":"https:\/\/adrenalinee.es\/#website","url":"https:\/\/adrenalinee.es\/","name":"https:\/\/adrenalinee.es\/","description":"Equipo de bailarines","publisher":{"@id":"https:\/\/adrenalinee.es\/#organization"},"potentialAction":[{"@type":"SearchAction","target":{"@type":"EntryPoint","urlTemplate":"https:\/\/adrenalinee.es\/?s={search_term_string}"},"query-input":{"@type":"PropertyValueSpecification","valueRequired":true,"valueName":"search_term_string"}}],"inLanguage":"en-US"},{"@type":"Organization","@id":"https:\/\/adrenalinee.es\/#organization","name":"Adrenaline","url":"https:\/\/adrenalinee.es\/","logo":{"@type":"ImageObject","inLanguage":"en-US","@id":"https:\/\/adrenalinee.es\/#\/schema\/logo\/image\/","url":"https:\/\/adrenalinee.es\/wp-content\/uploads\/2025\/05\/adrenaline-no-text-1024x1024.png","contentUrl":"https:\/\/adrenalinee.es\/wp-content\/uploads\/2025\/05\/adrenaline-no-text-1024x1024.png","width":1024,"height":1024,"caption":"Adrenaline"},"image":{"@id":"https:\/\/adrenalinee.es\/#\/schema\/logo\/image\/"},"sameAs":["https:\/\/www.facebook.com\/AdrenalineTeamES","https:\/\/www.instagram.com\/hypemove.adrenaline\/"]}]}},"_links":{"self":[{"href":"https:\/\/adrenalinee.es\/en\/wp-json\/wp\/v2\/pages\/1469","targetHints":{"allow":["GET"]}}],"collection":[{"href":"https:\/\/adrenalinee.es\/en\/wp-json\/wp\/v2\/pages"}],"about":[{"href":"https:\/\/adrenalinee.es\/en\/wp-json\/wp\/v2\/types\/page"}],"author":[{"embeddable":true,"href":"https:\/\/adrenalinee.es\/en\/wp-json\/wp\/v2\/users\/1"}],"replies":[{"embeddable":true,"href":"https:\/\/adrenalinee.es\/en\/wp-json\/wp\/v2\/comments?post=1469"}],"version-history":[{"count":7,"href":"https:\/\/adrenalinee.es\/en\/wp-json\/wp\/v2\/pages\/1469\/revisions"}],"predecessor-version":[{"id":1499,"href":"https:\/\/adrenalinee.es\/en\/wp-json\/wp\/v2\/pages\/1469\/revisions\/1499"}],"wp:featuredmedia":[{"embeddable":true,"href":"https:\/\/adrenalinee.es\/en\/wp-json\/wp\/v2\/media\/354"}],"wp:attachment":[{"href":"https:\/\/adrenalinee.es\/en\/wp-json\/wp\/v2\/media?parent=1469"}],"curies":[{"name":"wp","href":"https:\/\/api.w.org\/{rel}","templated":true}]}}