{"id":1217,"date":"2025-12-12T13:09:11","date_gmt":"2025-12-12T13:09:11","guid":{"rendered":"https:\/\/adrenalinee.es\/?page_id=1217"},"modified":"2026-01-09T10:06:10","modified_gmt":"2026-01-09T10:06:10","slug":"cutting-shapes","status":"publish","type":"page","link":"https:\/\/adrenalinee.es\/en\/cutting-shapes\/","title":{"rendered":"Taller de CuttingShapes"},"content":{"rendered":"<div data-elementor-type=\"wp-page\" data-elementor-id=\"1217\" class=\"elementor elementor-1217\">\n\t\t\t\t\t\t<section class=\"elementor-section elementor-top-section elementor-element elementor-element-7051cf6 elementor-section-height-min-height elementor-section-boxed elementor-section-height-default elementor-section-items-middle\" data-id=\"7051cf6\" data-element_type=\"section\" data-e-type=\"section\" data-settings=\"{&quot;background_background&quot;:&quot;classic&quot;}\">\n\t\t\t\t\t\t\t<div class=\"elementor-background-overlay\"><\/div>\n\t\t\t\t\t\t\t<div class=\"elementor-container elementor-column-gap-default\">\n\t\t\t\t\t<div class=\"elementor-column elementor-col-100 elementor-top-column elementor-element elementor-element-6912bd0\" data-id=\"6912bd0\" data-element_type=\"column\" data-e-type=\"column\">\n\t\t\t<div class=\"elementor-widget-wrap elementor-element-populated\">\n\t\t\t\t\t\t<div class=\"elementor-element elementor-element-60a3eef elementor-icon-list--layout-inline elementor-align-center animated-slow elementor-hidden-desktop elementor-hidden-tablet elementor-hidden-mobile elementor-list-item-link-full_width elementor-invisible elementor-widget elementor-widget-icon-list\" data-id=\"60a3eef\" data-element_type=\"widget\" data-e-type=\"widget\" data-settings=\"{&quot;_animation&quot;:&quot;fadeIn&quot;}\" data-widget_type=\"icon-list.default\">\n\t\t\t\t<div class=\"elementor-widget-container\">\n\t\t\t\t\t\t\t<ul class=\"elementor-icon-list-items elementor-inline-items\">\n\t\t\t\t\t\t\t<li class=\"elementor-icon-list-item elementor-inline-item\">\n\t\t\t\t\t\t\t\t\t\t\t<a href=\"#\">\n\n\t\t\t\t\t\t\t\t\t\t\t<span class=\"elementor-icon-list-text\">Home<\/span>\n\t\t\t\t\t\t\t\t\t\t\t<\/a>\n\t\t\t\t\t\t\t\t\t<\/li>\n\t\t\t\t\t\t\t\t<li class=\"elementor-icon-list-item elementor-inline-item\">\n\t\t\t\t\t\t\t\t\t\t\t<a href=\"#\">\n\n\t\t\t\t\t\t\t\t\t\t\t\t<span class=\"elementor-icon-list-icon\">\n\t\t\t\t\t\t\t<svg aria-hidden=\"true\" class=\"e-font-icon-svg e-fas-angle-right\" viewbox=\"0 0 256 512\" xmlns=\"http:\/\/www.w3.org\/2000\/svg\"><path d=\"M224.3 273l-136 136c-9.4 9.4-24.6 9.4-33.9 0l-22.6-22.6c-9.4-9.4-9.4-24.6 0-33.9l96.4-96.4-96.4-96.4c-9.4-9.4-9.4-24.6 0-33.9L54.3 103c9.4-9.4 24.6-9.4 33.9 0l136 136c9.5 9.4 9.5 24.6.1 34z\"><\/path><\/svg>\t\t\t\t\t\t<\/span>\n\t\t\t\t\t\t\t\t\t\t<span class=\"elementor-icon-list-text\">Contact<\/span>\n\t\t\t\t\t\t\t\t\t\t\t<\/a>\n\t\t\t\t\t\t\t\t\t<\/li>\n\t\t\t\t\t\t<\/ul>\n\t\t\t\t\t\t<\/div>\n\t\t\t\t<\/div>\n\t\t\t\t<div class=\"elementor-element elementor-element-fca24de animated-slow elementor-invisible elementor-widget elementor-widget-heading\" data-id=\"fca24de\" data-element_type=\"widget\" data-e-type=\"widget\" data-settings=\"{&quot;_animation&quot;:&quot;fadeInUp&quot;}\" data-widget_type=\"heading.default\">\n\t\t\t\t<div class=\"elementor-widget-container\">\n\t\t\t\t\t<h1 class=\"elementor-heading-title elementor-size-default\">WORKSHOP<\/h1>\t\t\t\t<\/div>\n\t\t\t\t<\/div>\n\t\t\t\t\t<\/div>\n\t\t<\/div>\n\t\t\t\t\t<\/div>\n\t\t<\/section>\n\t\t\t\t<section class=\"elementor-section elementor-top-section elementor-element elementor-element-a304130 elementor-section-boxed elementor-section-height-default elementor-section-height-default\" data-id=\"a304130\" data-element_type=\"section\" data-e-type=\"section\" data-settings=\"{&quot;background_background&quot;:&quot;video&quot;,&quot;background_video_link&quot;:&quot;https:\\\/\\\/www.youtube.com\\\/shorts\\\/sCazVYYR6jc&quot;,&quot;background_video_start&quot;:0,&quot;background_play_on_mobile&quot;:&quot;yes&quot;}\">\n\t\t\t\t\t\t\t\t<div class=\"elementor-background-video-container\">\n\t\t\t\t\t\t\t\t\t\t\t\t\t<div class=\"elementor-background-video-embed\" role=\"presentation\"><\/div>\n\t\t\t\t\t\t\t\t\t\t\t\t<\/div>\n\t\t\t\t\t\t\t\t\t<div class=\"elementor-background-overlay\"><\/div>\n\t\t\t\t\t\t\t<div class=\"elementor-container elementor-column-gap-default\">\n\t\t\t\t\t<div class=\"elementor-column elementor-col-100 elementor-top-column elementor-element elementor-element-9f4742e\" data-id=\"9f4742e\" data-element_type=\"column\" data-e-type=\"column\">\n\t\t\t<div class=\"elementor-widget-wrap elementor-element-populated\">\n\t\t\t\t\t\t<section class=\"elementor-section elementor-inner-section elementor-element elementor-element-581b1cc elementor-reverse-mobile elementor-section-boxed elementor-section-height-default elementor-section-height-default\" data-id=\"581b1cc\" data-element_type=\"section\" data-e-type=\"section\">\n\t\t\t\t\t\t<div class=\"elementor-container elementor-column-gap-no\">\n\t\t\t\t\t<div class=\"elementor-column elementor-col-50 elementor-inner-column elementor-element elementor-element-24c541b\" data-id=\"24c541b\" data-element_type=\"column\" data-e-type=\"column\">\n\t\t\t<div class=\"elementor-widget-wrap elementor-element-populated\">\n\t\t\t\t\t\t<div class=\"elementor-element elementor-element-695569f elementor-widget__width-initial elementor-widget-mobile__width-initial elementor-widget elementor-widget-heading\" data-id=\"695569f\" data-element_type=\"widget\" data-e-type=\"widget\" data-widget_type=\"heading.default\">\n\t\t\t\t<div class=\"elementor-widget-container\">\n\t\t\t\t\t<h2 class=\"elementor-heading-title elementor-size-default\">Cutting shapes en madrid<\/h2>\t\t\t\t<\/div>\n\t\t\t\t<\/div>\n\t\t\t\t<div class=\"elementor-element elementor-element-577d793 elementor-widget elementor-widget-text-editor\" data-id=\"577d793\" data-element_type=\"widget\" data-e-type=\"widget\" data-widget_type=\"text-editor.default\">\n\t\t\t\t<div class=\"elementor-widget-container\">\n\t\t\t\t\t\t\t\t\t<p data-start=\"213\" data-end=\"411\">Despu\u00e9s del \u00e9xito del ultimo taller, \u00a1volvemos con una nueva experiencia! Esta vez exploraremos\u00a0el <strong data-start=\"390\" data-end=\"408\">Cutting Shapes<\/strong>.<\/p><p data-start=\"413\" data-end=\"707\">Durante el taller aprender\u00e1s las bases, c\u00f3mo se conectan con la m\u00fasica y c\u00f3mo desarrollar tu propio estilo a partir de ellos.\u00a0<\/p><h4><b>Informaci\u00f3n del Taller <b style=\"color: inherit; font-family: inherit; font-size: 1.5rem;\">(FINALIZADO)<\/b><\/b><\/h4><p data-start=\"709\" data-end=\"902\"><strong data-start=\"712\" data-end=\"722\">Fecha:<\/strong> S\u00e1bado 6 de diciembre de 2025<br data-start=\"752\" data-end=\"755\" \/><strong data-start=\"758\" data-end=\"768\">Lugar:<\/strong> Wosap Dance \u2013 C. de Amparo Usera, 12, Madrid<br data-start=\"813\" data-end=\"816\" \/><strong data-start=\"818\" data-end=\"830\">Horario:<\/strong> 12:30 a 14:00<\/p><p data-start=\"904\" data-end=\"1117\">Adem\u00e1s, ese mismo d\u00eda por la tarde realizaremos una <strong data-start=\"956\" data-end=\"967\">quedada<\/strong> para seguir bailando, compartir y conectar con la comunidad. Hemos organizado ambos eventos para que coincidan y puedas disfrutar del d\u00eda completo.<\/p><p data-start=\"1119\" data-end=\"1282\">Si deseas participar, <strong data-start=\"1141\" data-end=\"1190\">escr\u00edbenos por privado para reservar tu plaza<\/strong>.<br data-start=\"1191\" data-end=\"1194\" \/>Y si conoces a alguien que quiera aprender o probar estos estilos, \u00a1inv\u00edtale a unirse!<\/p><h4 style=\"color: #ffffff; font-family: Roboto, sans-serif;\"><b>Reservar plaza &gt;&gt;<\/b><\/h4>\t\t\t\t\t\t\t\t<\/div>\n\t\t\t\t<\/div>\n\t\t\t\t<div class=\"elementor-element elementor-element-5492af5 animated-slow elementor-invisible elementor-widget elementor-widget-eael-creative-button\" data-id=\"5492af5\" data-element_type=\"widget\" data-e-type=\"widget\" data-settings=\"{&quot;_animation&quot;:&quot;fadeInUp&quot;,&quot;_animation_delay&quot;:1500}\" data-widget_type=\"eael-creative-button.default\">\n\t\t\t\t<div class=\"elementor-widget-container\">\n\t\t\t\t\t        <div class=\"eael-creative-button-wrapper\">\n\n            <a class=\"eael-creative-button eael-creative-button--rayen eael-cb-icon-position-right\" href=\"https:\/\/wa.me\/34663679804?text=Hola%2C%20quiero%20apuntarme%20a%20la%20workshop%20de%20ShuffleDance%20y%20CuttingShapes\" data-text=\"Resevar plaza\">\n            \t    \n                <div class=\"creative-button-inner\">\n\n                    \n                    <span class=\"cretive-button-text\">Resevar plaza<\/span>\n\n                                            <span class=\"eael-creative-button-icon-right\"><svg aria-hidden=\"true\" class=\"e-font-icon-svg e-fas-minus\" viewbox=\"0 0 448 512\" xmlns=\"http:\/\/www.w3.org\/2000\/svg\"><path d=\"M416 208H32c-17.67 0-32 14.33-32 32v32c0 17.67 14.33 32 32 32h384c17.67 0 32-14.33 32-32v-32c0-17.67-14.33-32-32-32z\"><\/path><\/svg><\/span>                                    <\/div>\n\t                        <\/a>\n        <\/div>\n        \t\t\t\t<\/div>\n\t\t\t\t<\/div>\n\t\t\t\t\t<\/div>\n\t\t<\/div>\n\t\t\t\t<div class=\"elementor-column elementor-col-50 elementor-inner-column elementor-element elementor-element-260b115\" data-id=\"260b115\" data-element_type=\"column\" data-e-type=\"column\">\n\t\t\t<div class=\"elementor-widget-wrap elementor-element-populated\">\n\t\t\t\t\t\t<div class=\"elementor-element elementor-element-10cf1f6 elementor-widget elementor-widget-image\" data-id=\"10cf1f6\" data-element_type=\"widget\" data-e-type=\"widget\" data-widget_type=\"image.default\">\n\t\t\t\t<div class=\"elementor-widget-container\">\n\t\t\t\t\t\t\t\t\t\t\t\t\t\t\t<img fetchpriority=\"high\" decoding=\"async\" width=\"480\" height=\"602\" src=\"https:\/\/adrenalinee.es\/wp-content\/uploads\/2025\/11\/1.png\" class=\"attachment-large size-large wp-image-1088\" alt=\"\" srcset=\"https:\/\/adrenalinee.es\/wp-content\/uploads\/2025\/11\/1.png 480w, https:\/\/adrenalinee.es\/wp-content\/uploads\/2025\/11\/1-239x300.png 239w\" sizes=\"(max-width: 480px) 100vw, 480px\" \/>\t\t\t\t\t\t\t\t\t\t\t\t\t\t\t<\/div>\n\t\t\t\t<\/div>\n\t\t\t\t<div class=\"elementor-element elementor-element-5b5416d elementor-view-default elementor-widget elementor-widget-icon\" data-id=\"5b5416d\" data-element_type=\"widget\" data-e-type=\"widget\" data-widget_type=\"icon.default\">\n\t\t\t\t<div class=\"elementor-widget-container\">\n\t\t\t\t\t\t\t<div class=\"elementor-icon-wrapper\">\n\t\t\t<a class=\"elementor-icon\" href=\"https:\/\/www.instagram.com\/hypemove.adrenaline\/\">\n\t\t\t<svg aria-hidden=\"true\" class=\"e-font-icon-svg e-fab-instagram\" viewbox=\"0 0 448 512\" xmlns=\"http:\/\/www.w3.org\/2000\/svg\"><path d=\"M224.1 141c-63.6 0-114.9 51.3-114.9 114.9s51.3 114.9 114.9 114.9S339 319.5 339 255.9 287.7 141 224.1 141zm0 189.6c-41.1 0-74.7-33.5-74.7-74.7s33.5-74.7 74.7-74.7 74.7 33.5 74.7 74.7-33.6 74.7-74.7 74.7zm146.4-194.3c0 14.9-12 26.8-26.8 26.8-14.9 0-26.8-12-26.8-26.8s12-26.8 26.8-26.8 26.8 12 26.8 26.8zm76.1 27.2c-1.7-35.9-9.9-67.7-36.2-93.9-26.2-26.2-58-34.4-93.9-36.2-37-2.1-147.9-2.1-184.9 0-35.8 1.7-67.6 9.9-93.9 36.1s-34.4 58-36.2 93.9c-2.1 37-2.1 147.9 0 184.9 1.7 35.9 9.9 67.7 36.2 93.9s58 34.4 93.9 36.2c37 2.1 147.9 2.1 184.9 0 35.9-1.7 67.7-9.9 93.9-36.2 26.2-26.2 34.4-58 36.2-93.9 2.1-37 2.1-147.8 0-184.8zM398.8 388c-7.8 19.6-22.9 34.7-42.6 42.6-29.5 11.7-99.5 9-132.1 9s-102.7 2.6-132.1-9c-19.6-7.8-34.7-22.9-42.6-42.6-11.7-29.5-9-99.5-9-132.1s-2.6-102.7 9-132.1c7.8-19.6 22.9-34.7 42.6-42.6 29.5-11.7 99.5-9 132.1-9s102.7-2.6 132.1 9c19.6 7.8 34.7 22.9 42.6 42.6 11.7 29.5 9 99.5 9 132.1s2.7 102.7-9 132.1z\"><\/path><\/svg>\t\t\t<\/a>\n\t\t<\/div>\n\t\t\t\t\t\t<\/div>\n\t\t\t\t<\/div>\n\t\t\t\t\t<\/div>\n\t\t<\/div>\n\t\t\t\t\t<\/div>\n\t\t<\/section>\n\t\t\t\t<section class=\"elementor-section elementor-inner-section elementor-element elementor-element-6988639 elementor-section-content-middle elementor-section-boxed elementor-section-height-default elementor-section-height-default\" data-id=\"6988639\" data-element_type=\"section\" data-e-type=\"section\" data-settings=\"{&quot;background_background&quot;:&quot;classic&quot;}\">\n\t\t\t\t\t\t<div class=\"elementor-container elementor-column-gap-no\">\n\t\t\t\t\t<div class=\"elementor-column elementor-col-100 elementor-inner-column elementor-element elementor-element-1f43a4b\" data-id=\"1f43a4b\" data-element_type=\"column\" data-e-type=\"column\">\n\t\t\t<div class=\"elementor-widget-wrap elementor-element-populated\">\n\t\t\t\t\t\t<div class=\"elementor-element elementor-element-9def9dd elementor-widget__width-initial elementor-widget-mobile__width-initial elementor-widget elementor-widget-video\" data-id=\"9def9dd\" data-element_type=\"widget\" data-e-type=\"widget\" data-settings=\"{&quot;youtube_url&quot;:&quot;https:\\\/\\\/www.youtube.com\\\/shorts\\\/sCazVYYR6jc&quot;,&quot;video_type&quot;:&quot;youtube&quot;,&quot;controls&quot;:&quot;yes&quot;}\" data-widget_type=\"video.default\">\n\t\t\t\t<div class=\"elementor-widget-container\">\n\t\t\t\t\t\t\t<div class=\"elementor-wrapper elementor-open-inline\">\n\t\t\t<div class=\"elementor-video\"><\/div>\t\t<\/div>\n\t\t\t\t\t\t<\/div>\n\t\t\t\t<\/div>\n\t\t\t\t\t<\/div>\n\t\t<\/div>\n\t\t\t\t\t<\/div>\n\t\t<\/section>\n\t\t\t\t<section class=\"elementor-section elementor-inner-section elementor-element elementor-element-c1f0d78 elementor-section-content-middle elementor-section-boxed elementor-section-height-default elementor-section-height-default\" data-id=\"c1f0d78\" data-element_type=\"section\" data-e-type=\"section\">\n\t\t\t\t\t\t<div class=\"elementor-container elementor-column-gap-no\">\n\t\t\t\t\t<div class=\"elementor-column elementor-col-50 elementor-inner-column elementor-element elementor-element-d741e95\" data-id=\"d741e95\" data-element_type=\"column\" data-e-type=\"column\">\n\t\t\t<div class=\"elementor-widget-wrap elementor-element-populated\">\n\t\t\t\t\t\t<div class=\"elementor-element elementor-element-ef5d0bf animated-slow elementor-invisible elementor-widget elementor-widget-google_maps\" data-id=\"ef5d0bf\" data-element_type=\"widget\" data-e-type=\"widget\" data-settings=\"{&quot;_animation&quot;:&quot;fadeInLeft&quot;}\" data-widget_type=\"google_maps.default\">\n\t\t\t\t<div class=\"elementor-widget-container\">\n\t\t\t\t\t\t\t<div class=\"elementor-custom-embed\">\n\t\t\t<iframe loading=\"lazy\"\n\t\t\t\t\tsrc=\"https:\/\/maps.google.com\/maps?q=C.%20de%20Amparo%20Usera%2C%2012%2C%20Usera%2C%2028026%20Madrid&#038;t=m&#038;z=15&#038;output=embed&#038;iwloc=near\"\n\t\t\t\t\ttitle=\"C. de Amparo Usera, 12, Usera, 28026 Madrid\"\n\t\t\t\t\taria-label=\"C. de Amparo Usera, 12, Usera, 28026 Madrid\"\n\t\t\t><\/iframe>\n\t\t<\/div>\n\t\t\t\t\t\t<\/div>\n\t\t\t\t<\/div>\n\t\t\t\t\t<\/div>\n\t\t<\/div>\n\t\t\t\t<div class=\"elementor-column elementor-col-50 elementor-inner-column elementor-element elementor-element-b3a8a71 animated-slow elementor-invisible\" data-id=\"b3a8a71\" data-element_type=\"column\" data-e-type=\"column\" data-settings=\"{&quot;background_background&quot;:&quot;classic&quot;,&quot;animation&quot;:&quot;fadeInRight&quot;}\">\n\t\t\t<div class=\"elementor-widget-wrap elementor-element-populated\">\n\t\t\t\t\t\t<div class=\"elementor-element elementor-element-c006dd3 elementor-widget elementor-widget-heading\" data-id=\"c006dd3\" data-element_type=\"widget\" data-e-type=\"widget\" data-widget_type=\"heading.default\">\n\t\t\t\t<div class=\"elementor-widget-container\">\n\t\t\t\t\t<h4 class=\"elementor-heading-title elementor-size-default\">WOSAP DANCE<\/h4>\t\t\t\t<\/div>\n\t\t\t\t<\/div>\n\t\t\t\t<div class=\"elementor-element elementor-element-710e6c0 elementor-widget__width-initial elementor-widget-tablet__width-initial elementor-widget-mobile__width-initial elementor-widget elementor-widget-heading\" data-id=\"710e6c0\" data-element_type=\"widget\" data-e-type=\"widget\" data-widget_type=\"heading.default\">\n\t\t\t\t<div class=\"elementor-widget-container\">\n\t\t\t\t\t<p class=\"elementor-heading-title elementor-size-default\">C. de Amparo Usera, 12, Usera, 28026 Madrid<\/p>\t\t\t\t<\/div>\n\t\t\t\t<\/div>\n\t\t\t\t<div class=\"elementor-element elementor-element-12e8bd4 elementor-widget elementor-widget-spacer\" data-id=\"12e8bd4\" data-element_type=\"widget\" data-e-type=\"widget\" data-widget_type=\"spacer.default\">\n\t\t\t\t<div class=\"elementor-widget-container\">\n\t\t\t\t\t\t\t<div class=\"elementor-spacer\">\n\t\t\t<div class=\"elementor-spacer-inner\"><\/div>\n\t\t<\/div>\n\t\t\t\t\t\t<\/div>\n\t\t\t\t<\/div>\n\t\t\t\t\t<\/div>\n\t\t<\/div>\n\t\t\t\t\t<\/div>\n\t\t<\/section>\n\t\t\t\t<div class=\"elementor-element elementor-element-ffe9650 animated-slow elementor-invisible elementor-widget elementor-widget-eael-creative-button\" data-id=\"ffe9650\" data-element_type=\"widget\" data-e-type=\"widget\" data-settings=\"{&quot;_animation&quot;:&quot;fadeInUp&quot;,&quot;_animation_delay&quot;:1500}\" data-widget_type=\"eael-creative-button.default\">\n\t\t\t\t<div class=\"elementor-widget-container\">\n\t\t\t\t\t        <div class=\"eael-creative-button-wrapper\">\n\n            <a class=\"eael-creative-button eael-creative-button--rayen eael-cb-icon-position-right\" href=\"https:\/\/wa.me\/34663679804?text=Hola%2C%20quiero%20apuntarme%20a%20la%20workshop%20de%20ShuffleDance%20y%20CuttingShapes\" data-text=\"Resevar plaza\">\n            \t    \n                <div class=\"creative-button-inner\">\n\n                    \n                    <span class=\"cretive-button-text\">Resevar plaza<\/span>\n\n                                            <span class=\"eael-creative-button-icon-right\"><svg aria-hidden=\"true\" class=\"e-font-icon-svg e-fas-minus\" viewbox=\"0 0 448 512\" xmlns=\"http:\/\/www.w3.org\/2000\/svg\"><path d=\"M416 208H32c-17.67 0-32 14.33-32 32v32c0 17.67 14.33 32 32 32h384c17.67 0 32-14.33 32-32v-32c0-17.67-14.33-32-32-32z\"><\/path><\/svg><\/span>                                    <\/div>\n\t                        <\/a>\n        <\/div>\n        \t\t\t\t<\/div>\n\t\t\t\t<\/div>\n\t\t\t\t\t<\/div>\n\t\t<\/div>\n\t\t\t\t\t<\/div>\n\t\t<\/section>\n\t\t\t\t<\/div>","protected":false},"excerpt":{"rendered":"<p>Home Contact WORKSHOP Cutting shapes en madrid Despu\u00e9s del \u00e9xito del ultimo taller, \u00a1volvemos con una nueva experiencia! Esta vez exploraremos\u00a0el Cutting Shapes. Durante el taller aprender\u00e1s las bases, c\u00f3mo se conectan con la m\u00fasica y c\u00f3mo desarrollar tu propio estilo a partir de ellos.\u00a0 Informaci\u00f3n del Taller (FINALIZADO) Fecha: S\u00e1bado 6 de diciembre de [&hellip;]<\/p>\n","protected":false},"author":2,"featured_media":1193,"parent":0,"menu_order":0,"comment_status":"closed","ping_status":"closed","template":"elementor_header_footer","meta":{"footnotes":""},"class_list":["post-1217","page","type-page","status-publish","has-post-thumbnail","hentry"],"yoast_head":"<!-- This site is optimized with the Yoast SEO plugin v27.3 - https:\/\/yoast.com\/product\/yoast-seo-wordpress\/ -->\n<title>Taller de Cutting Shapes - Adrenaline<\/title>\n<meta name=\"description\" content=\"Aprende a bailar Cutting shapes con nosotros, bienvenidos a Adrenaline, equipo de bailarines ubicados en Madrid\" \/>\n<meta name=\"robots\" content=\"index, follow, max-snippet:-1, max-image-preview:large, max-video-preview:-1\" \/>\n<link rel=\"canonical\" href=\"https:\/\/adrenalinee.es\/en\/cutting-shapes\/\" \/>\n<meta property=\"og:locale\" content=\"en_US\" \/>\n<meta property=\"og:type\" content=\"article\" \/>\n<meta property=\"og:title\" content=\"Taller de Cutting Shapes - Adrenaline\" \/>\n<meta property=\"og:description\" content=\"Aprende a bailar Cutting shapes con nosotros, bienvenidos a Adrenaline, equipo de bailarines ubicados en Madrid\" \/>\n<meta property=\"og:url\" content=\"https:\/\/adrenalinee.es\/en\/cutting-shapes\/\" \/>\n<meta property=\"og:site_name\" content=\"Adrenaline\" \/>\n<meta property=\"article:publisher\" content=\"https:\/\/www.facebook.com\/AdrenalineTeamES\" \/>\n<meta property=\"article:modified_time\" content=\"2026-01-09T10:06:10+00:00\" \/>\n<meta property=\"og:image\" content=\"https:\/\/adrenalinee.es\/wp-content\/uploads\/2025\/12\/Adrenaline-Taller_03.gif\" \/>\n\t<meta property=\"og:image:width\" content=\"1080\" \/>\n\t<meta property=\"og:image:height\" content=\"1350\" \/>\n\t<meta property=\"og:image:type\" content=\"image\/gif\" \/>\n<meta name=\"twitter:card\" content=\"summary_large_image\" \/>\n<meta name=\"twitter:label1\" content=\"Est. reading time\" \/>\n\t<meta name=\"twitter:data1\" content=\"1 minute\" \/>\n<!-- \/ Yoast SEO plugin. -->","yoast_head_json":{"title":"Taller de Cutting Shapes - Adrenaline","description":"Aprende a bailar Cutting shapes con nosotros, bienvenidos a Adrenaline, equipo de bailarines ubicados en Madrid","robots":{"index":"index","follow":"follow","max-snippet":"max-snippet:-1","max-image-preview":"max-image-preview:large","max-video-preview":"max-video-preview:-1"},"canonical":"https:\/\/adrenalinee.es\/en\/cutting-shapes\/","og_locale":"en_US","og_type":"article","og_title":"Taller de Cutting Shapes - Adrenaline","og_description":"Aprende a bailar Cutting shapes con nosotros, bienvenidos a Adrenaline, equipo de bailarines ubicados en Madrid","og_url":"https:\/\/adrenalinee.es\/en\/cutting-shapes\/","og_site_name":"Adrenaline","article_publisher":"https:\/\/www.facebook.com\/AdrenalineTeamES","article_modified_time":"2026-01-09T10:06:10+00:00","og_image":[{"width":1080,"height":1350,"url":"https:\/\/adrenalinee.es\/wp-content\/uploads\/2025\/12\/Adrenaline-Taller_03.gif","type":"image\/gif"}],"twitter_card":"summary_large_image","twitter_misc":{"Est. reading time":"1 minute"},"schema":{"@context":"https:\/\/schema.org","@graph":[{"@type":"WebPage","@id":"https:\/\/adrenalinee.es\/cutting-shapes\/","url":"https:\/\/adrenalinee.es\/cutting-shapes\/","name":"Taller de Cutting Shapes - Adrenaline","isPartOf":{"@id":"https:\/\/adrenalinee.es\/#website"},"primaryImageOfPage":{"@id":"https:\/\/adrenalinee.es\/cutting-shapes\/#primaryimage"},"image":{"@id":"https:\/\/adrenalinee.es\/cutting-shapes\/#primaryimage"},"thumbnailUrl":"https:\/\/adrenalinee.es\/wp-content\/uploads\/2025\/12\/Adrenaline-Taller_03.gif","datePublished":"2025-12-12T13:09:11+00:00","dateModified":"2026-01-09T10:06:10+00:00","description":"Aprende a bailar Cutting shapes con nosotros, bienvenidos a Adrenaline, equipo de bailarines ubicados en Madrid","breadcrumb":{"@id":"https:\/\/adrenalinee.es\/cutting-shapes\/#breadcrumb"},"inLanguage":"en-US","potentialAction":[{"@type":"ReadAction","target":["https:\/\/adrenalinee.es\/cutting-shapes\/"]}]},{"@type":"ImageObject","inLanguage":"en-US","@id":"https:\/\/adrenalinee.es\/cutting-shapes\/#primaryimage","url":"https:\/\/adrenalinee.es\/wp-content\/uploads\/2025\/12\/Adrenaline-Taller_03.gif","contentUrl":"https:\/\/adrenalinee.es\/wp-content\/uploads\/2025\/12\/Adrenaline-Taller_03.gif","width":1080,"height":1350},{"@type":"BreadcrumbList","@id":"https:\/\/adrenalinee.es\/cutting-shapes\/#breadcrumb","itemListElement":[{"@type":"ListItem","position":1,"name":"Portada","item":"https:\/\/adrenalinee.es\/"},{"@type":"ListItem","position":2,"name":"Taller de CuttingShapes"}]},{"@type":"WebSite","@id":"https:\/\/adrenalinee.es\/#website","url":"https:\/\/adrenalinee.es\/","name":"https:\/\/adrenalinee.es\/","description":"Equipo de bailarines","publisher":{"@id":"https:\/\/adrenalinee.es\/#organization"},"potentialAction":[{"@type":"SearchAction","target":{"@type":"EntryPoint","urlTemplate":"https:\/\/adrenalinee.es\/?s={search_term_string}"},"query-input":{"@type":"PropertyValueSpecification","valueRequired":true,"valueName":"search_term_string"}}],"inLanguage":"en-US"},{"@type":"Organization","@id":"https:\/\/adrenalinee.es\/#organization","name":"Adrenaline","url":"https:\/\/adrenalinee.es\/","logo":{"@type":"ImageObject","inLanguage":"en-US","@id":"https:\/\/adrenalinee.es\/#\/schema\/logo\/image\/","url":"https:\/\/adrenalinee.es\/wp-content\/uploads\/2025\/05\/adrenaline-no-text-1024x1024.png","contentUrl":"https:\/\/adrenalinee.es\/wp-content\/uploads\/2025\/05\/adrenaline-no-text-1024x1024.png","width":1024,"height":1024,"caption":"Adrenaline"},"image":{"@id":"https:\/\/adrenalinee.es\/#\/schema\/logo\/image\/"},"sameAs":["https:\/\/www.facebook.com\/AdrenalineTeamES","https:\/\/www.instagram.com\/hypemove.adrenaline\/"]}]}},"_links":{"self":[{"href":"https:\/\/adrenalinee.es\/en\/wp-json\/wp\/v2\/pages\/1217","targetHints":{"allow":["GET"]}}],"collection":[{"href":"https:\/\/adrenalinee.es\/en\/wp-json\/wp\/v2\/pages"}],"about":[{"href":"https:\/\/adrenalinee.es\/en\/wp-json\/wp\/v2\/types\/page"}],"author":[{"embeddable":true,"href":"https:\/\/adrenalinee.es\/en\/wp-json\/wp\/v2\/users\/2"}],"replies":[{"embeddable":true,"href":"https:\/\/adrenalinee.es\/en\/wp-json\/wp\/v2\/comments?post=1217"}],"version-history":[{"count":19,"href":"https:\/\/adrenalinee.es\/en\/wp-json\/wp\/v2\/pages\/1217\/revisions"}],"predecessor-version":[{"id":1348,"href":"https:\/\/adrenalinee.es\/en\/wp-json\/wp\/v2\/pages\/1217\/revisions\/1348"}],"wp:featuredmedia":[{"embeddable":true,"href":"https:\/\/adrenalinee.es\/en\/wp-json\/wp\/v2\/media\/1193"}],"wp:attachment":[{"href":"https:\/\/adrenalinee.es\/en\/wp-json\/wp\/v2\/media?parent=1217"}],"curies":[{"name":"wp","href":"https:\/\/api.w.org\/{rel}","templated":true}]}}